{"id":53,"date":"2023-09-05T16:29:03","date_gmt":"2023-09-05T13:29:03","guid":{"rendered":"https:\/\/ristoranteargegno.fi\/?page_id=53"},"modified":"2023-11-25T19:19:53","modified_gmt":"2023-11-25T16:19:53","slug":"galleria","status":"publish","type":"page","link":"https:\/\/ristoranteargegno.fi\/en\/galleria\/","title":{"rendered":"Gallery"},"content":{"rendered":"<div data-elementor-type=\"wp-page\" data-elementor-id=\"53\" class=\"elementor elementor-53\" data-elementor-post-type=\"page\">\n\t\t\t\t\t\t<section class=\"elementor-section elementor-top-section elementor-element elementor-element-80504b8 ct-section-stretched elementor-section-boxed elementor-section-height-default elementor-section-height-default\" data-id=\"80504b8\" data-element_type=\"section\" data-settings=\"{&quot;background_background&quot;:&quot;classic&quot;}\">\n\t\t\t\t\t\t\t<div class=\"elementor-background-overlay\"><\/div>\n\t\t\t\t\t\t\t<div class=\"elementor-container elementor-column-gap-default\">\n\t\t\t\t\t<div class=\"elementor-column elementor-col-100 elementor-top-column elementor-element elementor-element-b1d60d2\" data-id=\"b1d60d2\" data-element_type=\"column\">\n\t\t\t<div class=\"elementor-widget-wrap elementor-element-populated\">\n\t\t\t\t\t\t<div class=\"elementor-element elementor-element-f8e2799 elementor-widget elementor-widget-heading\" data-id=\"f8e2799\" data-element_type=\"widget\" data-widget_type=\"heading.default\">\n\t\t\t\t<div class=\"elementor-widget-container\">\n\t\t\t\t\t<h2 class=\"elementor-heading-title elementor-size-default\">Gallery<\/h2>\t\t\t\t<\/div>\n\t\t\t\t<\/div>\n\t\t\t\t\t<\/div>\n\t\t<\/div>\n\t\t\t\t\t<\/div>\n\t\t<\/section>\n\t\t\t\t<section class=\"elementor-section elementor-top-section elementor-element elementor-element-4c2b421 elementor-section-boxed elementor-section-height-default elementor-section-height-default\" data-id=\"4c2b421\" data-element_type=\"section\">\n\t\t\t\t\t\t<div class=\"elementor-container elementor-column-gap-default\">\n\t\t\t\t\t<div class=\"elementor-column elementor-col-100 elementor-top-column elementor-element elementor-element-809d7d7\" data-id=\"809d7d7\" data-element_type=\"column\">\n\t\t\t<div class=\"elementor-widget-wrap elementor-element-populated\">\n\t\t\t\t\t\t<div class=\"elementor-element elementor-element-7819b62 gallery-spacing-custom elementor-widget elementor-widget-image-gallery\" data-id=\"7819b62\" data-element_type=\"widget\" data-widget_type=\"image-gallery.default\">\n\t\t\t\t<div class=\"elementor-widget-container\">\n\t\t\t\t\t\t\t<div class=\"elementor-image-gallery\">\n\t\t\t<div id='gallery-1' class='gallery galleryid-53 gallery-columns-3 gallery-size-medium_large'><figure class='gallery-item'>\n\t\t\t<div class='gallery-icon portrait'>\n\t\t\t\t<a data-elementor-open-lightbox=\"yes\" data-elementor-lightbox-slideshow=\"7819b62\" data-e-action-hash=\"#elementor-action%3Aaction%3Dlightbox%26settings%3DeyJpZCI6Mzk3LCJ1cmwiOiJodHRwczpcL1wvcmlzdG9yYW50ZWFyZ2Vnbm8uZmlcL3dwLWNvbnRlbnRcL3VwbG9hZHNcLzIwMjNcLzExXC9QaG90by0yNS4xMC4yMDIzLTkuMzguNTYud2VicCIsInNsaWRlc2hvdyI6Ijc4MTliNjIifQ%3D%3D\" href='https:\/\/ristoranteargegno.fi\/wp-content\/uploads\/2023\/11\/Photo-25.10.2023-9.38.56.webp'><img fetchpriority=\"high\" decoding=\"async\" width=\"563\" height=\"1000\" src=\"https:\/\/ristoranteargegno.fi\/wp-content\/uploads\/2023\/11\/Photo-25.10.2023-9.38.56.webp\" class=\"attachment-medium_large size-medium_large\" alt=\"\" srcset=\"https:\/\/ristoranteargegno.fi\/wp-content\/uploads\/2023\/11\/Photo-25.10.2023-9.38.56.webp 563w, https:\/\/ristoranteargegno.fi\/wp-content\/uploads\/2023\/11\/Photo-25.10.2023-9.38.56-169x300.webp 169w, https:\/\/ristoranteargegno.fi\/wp-content\/uploads\/2023\/11\/Photo-25.10.2023-9.38.56-7x12.webp 7w\" sizes=\"(max-width: 563px) 100vw, 563px\" \/><\/a>\n\t\t\t<\/div><\/figure><figure class='gallery-item'>\n\t\t\t<div class='gallery-icon portrait'>\n\t\t\t\t<a data-elementor-open-lightbox=\"yes\" data-elementor-lightbox-slideshow=\"7819b62\" data-e-action-hash=\"#elementor-action%3Aaction%3Dlightbox%26settings%3DeyJpZCI6Mzk2LCJ1cmwiOiJodHRwczpcL1wvcmlzdG9yYW50ZWFyZ2Vnbm8uZmlcL3dwLWNvbnRlbnRcL3VwbG9hZHNcLzIwMjNcLzExXC9QaG90by0yNS4xMC4yMDIzLTkuMzMuMzAud2VicCIsInNsaWRlc2hvdyI6Ijc4MTliNjIifQ%3D%3D\" href='https:\/\/ristoranteargegno.fi\/wp-content\/uploads\/2023\/11\/Photo-25.10.2023-9.33.30.webp'><img decoding=\"async\" width=\"563\" height=\"1000\" src=\"https:\/\/ristoranteargegno.fi\/wp-content\/uploads\/2023\/11\/Photo-25.10.2023-9.33.30.webp\" class=\"attachment-medium_large size-medium_large\" alt=\"\" srcset=\"https:\/\/ristoranteargegno.fi\/wp-content\/uploads\/2023\/11\/Photo-25.10.2023-9.33.30.webp 563w, https:\/\/ristoranteargegno.fi\/wp-content\/uploads\/2023\/11\/Photo-25.10.2023-9.33.30-169x300.webp 169w, https:\/\/ristoranteargegno.fi\/wp-content\/uploads\/2023\/11\/Photo-25.10.2023-9.33.30-7x12.webp 7w\" sizes=\"(max-width: 563px) 100vw, 563px\" \/><\/a>\n\t\t\t<\/div><\/figure><figure class='gallery-item'>\n\t\t\t<div class='gallery-icon portrait'>\n\t\t\t\t<a data-elementor-open-lightbox=\"yes\" data-elementor-lightbox-slideshow=\"7819b62\" data-e-action-hash=\"#elementor-action%3Aaction%3Dlightbox%26settings%3DeyJpZCI6Mzk1LCJ1cmwiOiJodHRwczpcL1wvcmlzdG9yYW50ZWFyZ2Vnbm8uZmlcL3dwLWNvbnRlbnRcL3VwbG9hZHNcLzIwMjNcLzExXC9QaG90by0yNS4xMC4yMDIzLTkuMzMuMDQud2VicCIsInNsaWRlc2hvdyI6Ijc4MTliNjIifQ%3D%3D\" href='https:\/\/ristoranteargegno.fi\/wp-content\/uploads\/2023\/11\/Photo-25.10.2023-9.33.04.webp'><img decoding=\"async\" width=\"563\" height=\"1000\" src=\"https:\/\/ristoranteargegno.fi\/wp-content\/uploads\/2023\/11\/Photo-25.10.2023-9.33.04.webp\" class=\"attachment-medium_large size-medium_large\" alt=\"\" srcset=\"https:\/\/ristoranteargegno.fi\/wp-content\/uploads\/2023\/11\/Photo-25.10.2023-9.33.04.webp 563w, https:\/\/ristoranteargegno.fi\/wp-content\/uploads\/2023\/11\/Photo-25.10.2023-9.33.04-169x300.webp 169w, https:\/\/ristoranteargegno.fi\/wp-content\/uploads\/2023\/11\/Photo-25.10.2023-9.33.04-7x12.webp 7w\" sizes=\"(max-width: 563px) 100vw, 563px\" \/><\/a>\n\t\t\t<\/div><\/figure><figure class='gallery-item'>\n\t\t\t<div class='gallery-icon portrait'>\n\t\t\t\t<a data-elementor-open-lightbox=\"yes\" data-elementor-lightbox-slideshow=\"7819b62\" data-e-action-hash=\"#elementor-action%3Aaction%3Dlightbox%26settings%3DeyJpZCI6MzkzLCJ1cmwiOiJodHRwczpcL1wvcmlzdG9yYW50ZWFyZ2Vnbm8uZmlcL3dwLWNvbnRlbnRcL3VwbG9hZHNcLzIwMjNcLzExXC9QaG90by0yNS4xMC4yMDIzLTkuMzEuMDcud2VicCIsInNsaWRlc2hvdyI6Ijc4MTliNjIifQ%3D%3D\" href='https:\/\/ristoranteargegno.fi\/wp-content\/uploads\/2023\/11\/Photo-25.10.2023-9.31.07.webp'><img loading=\"lazy\" decoding=\"async\" width=\"563\" height=\"1000\" src=\"https:\/\/ristoranteargegno.fi\/wp-content\/uploads\/2023\/11\/Photo-25.10.2023-9.31.07.webp\" class=\"attachment-medium_large size-medium_large\" alt=\"\" srcset=\"https:\/\/ristoranteargegno.fi\/wp-content\/uploads\/2023\/11\/Photo-25.10.2023-9.31.07.webp 563w, https:\/\/ristoranteargegno.fi\/wp-content\/uploads\/2023\/11\/Photo-25.10.2023-9.31.07-169x300.webp 169w, https:\/\/ristoranteargegno.fi\/wp-content\/uploads\/2023\/11\/Photo-25.10.2023-9.31.07-7x12.webp 7w\" sizes=\"(max-width: 563px) 100vw, 563px\" \/><\/a>\n\t\t\t<\/div><\/figure><figure class='gallery-item'>\n\t\t\t<div class='gallery-icon portrait'>\n\t\t\t\t<a data-elementor-open-lightbox=\"yes\" data-elementor-lightbox-slideshow=\"7819b62\" data-e-action-hash=\"#elementor-action%3Aaction%3Dlightbox%26settings%3DeyJpZCI6MzkyLCJ1cmwiOiJodHRwczpcL1wvcmlzdG9yYW50ZWFyZ2Vnbm8uZmlcL3dwLWNvbnRlbnRcL3VwbG9hZHNcLzIwMjNcLzExXC9QaG90by0yNS4xMC4yMDIzLTkuMjkuMjQud2VicCIsInNsaWRlc2hvdyI6Ijc4MTliNjIifQ%3D%3D\" href='https:\/\/ristoranteargegno.fi\/wp-content\/uploads\/2023\/11\/Photo-25.10.2023-9.29.24.webp'><img loading=\"lazy\" decoding=\"async\" width=\"563\" height=\"1000\" src=\"https:\/\/ristoranteargegno.fi\/wp-content\/uploads\/2023\/11\/Photo-25.10.2023-9.29.24.webp\" class=\"attachment-medium_large size-medium_large\" alt=\"\" srcset=\"https:\/\/ristoranteargegno.fi\/wp-content\/uploads\/2023\/11\/Photo-25.10.2023-9.29.24.webp 563w, https:\/\/ristoranteargegno.fi\/wp-content\/uploads\/2023\/11\/Photo-25.10.2023-9.29.24-169x300.webp 169w, https:\/\/ristoranteargegno.fi\/wp-content\/uploads\/2023\/11\/Photo-25.10.2023-9.29.24-7x12.webp 7w\" sizes=\"(max-width: 563px) 100vw, 563px\" \/><\/a>\n\t\t\t<\/div><\/figure><figure class='gallery-item'>\n\t\t\t<div class='gallery-icon portrait'>\n\t\t\t\t<a data-elementor-open-lightbox=\"yes\" data-elementor-lightbox-slideshow=\"7819b62\" data-e-action-hash=\"#elementor-action%3Aaction%3Dlightbox%26settings%3DeyJpZCI6MzkxLCJ1cmwiOiJodHRwczpcL1wvcmlzdG9yYW50ZWFyZ2Vnbm8uZmlcL3dwLWNvbnRlbnRcL3VwbG9hZHNcLzIwMjNcLzExXC9QaG90by0yNS4xMC4yMDIzLTkuMjguNTIud2VicCIsInNsaWRlc2hvdyI6Ijc4MTliNjIifQ%3D%3D\" href='https:\/\/ristoranteargegno.fi\/wp-content\/uploads\/2023\/11\/Photo-25.10.2023-9.28.52.webp'><img loading=\"lazy\" decoding=\"async\" width=\"563\" height=\"1000\" src=\"https:\/\/ristoranteargegno.fi\/wp-content\/uploads\/2023\/11\/Photo-25.10.2023-9.28.52.webp\" class=\"attachment-medium_large size-medium_large\" alt=\"\" srcset=\"https:\/\/ristoranteargegno.fi\/wp-content\/uploads\/2023\/11\/Photo-25.10.2023-9.28.52.webp 563w, https:\/\/ristoranteargegno.fi\/wp-content\/uploads\/2023\/11\/Photo-25.10.2023-9.28.52-169x300.webp 169w, https:\/\/ristoranteargegno.fi\/wp-content\/uploads\/2023\/11\/Photo-25.10.2023-9.28.52-7x12.webp 7w\" sizes=\"(max-width: 563px) 100vw, 563px\" \/><\/a>\n\t\t\t<\/div><\/figure>\n\t\t<\/div>\n\t\t<\/div>\n\t\t\t\t\t\t<\/div>\n\t\t\t\t<\/div>\n\t\t\t\t\t<\/div>\n\t\t<\/div>\n\t\t\t\t\t<\/div>\n\t\t<\/section>\n\t\t\t\t<\/div>","protected":false},"excerpt":{"rendered":"<p>Gallery<\/p>","protected":false},"author":1,"featured_media":0,"parent":0,"menu_order":0,"comment_status":"closed","ping_status":"closed","template":"","meta":{"footnotes":""},"class_list":["post-53","page","type-page","status-publish","hentry"],"blocksy_meta":[],"yoast_head":"<!-- This site is optimized with the Yoast SEO plugin v26.7 - https:\/\/yoast.com\/wordpress\/plugins\/seo\/ -->\n<title>Galleria<\/title>\n<meta name=\"description\" content=\"Katso milt\u00e4 ravintolassamme n\u00e4ytt\u00e4\u00e4 ja tule ihailemaan kuvia aidoista italialaisista annoksista.\" \/>\n<meta name=\"robots\" content=\"index, follow, max-snippet:-1, max-image-preview:large, max-video-preview:-1\" \/>\n<link rel=\"canonical\" href=\"https:\/\/ristoranteargegno.fi\/en\/galleria\/\" \/>\n<meta property=\"og:locale\" content=\"en_GB\" \/>\n<meta property=\"og:type\" content=\"article\" \/>\n<meta property=\"og:title\" content=\"Galleria\" \/>\n<meta property=\"og:description\" content=\"Katso milt\u00e4 ravintolassamme n\u00e4ytt\u00e4\u00e4 ja tule ihailemaan kuvia aidoista italialaisista annoksista.\" \/>\n<meta property=\"og:url\" content=\"https:\/\/ristoranteargegno.fi\/en\/galleria\/\" \/>\n<meta property=\"og:site_name\" content=\"Ristorante Argegno\" \/>\n<meta property=\"article:publisher\" content=\"https:\/\/www.facebook.com\/profile.php?id=61552420856233\" \/>\n<meta property=\"article:modified_time\" content=\"2023-11-25T16:19:53+00:00\" \/>\n<meta property=\"og:image\" content=\"https:\/\/ristoranteargegno.fi\/wp-content\/uploads\/2023\/11\/Photo-25.10.2023-9.38.56.webp\" \/>\n<meta name=\"twitter:card\" content=\"summary_large_image\" \/>\n<meta name=\"twitter:label1\" content=\"Estimated reading time\" \/>\n\t<meta name=\"twitter:data1\" content=\"2 minutes\" \/>\n<script type=\"application\/ld+json\" class=\"yoast-schema-graph\">{\"@context\":\"https:\/\/schema.org\",\"@graph\":[{\"@type\":\"WebPage\",\"@id\":\"https:\/\/ristoranteargegno.fi\/galleria\/\",\"url\":\"https:\/\/ristoranteargegno.fi\/galleria\/\",\"name\":\"Galleria\",\"isPartOf\":{\"@id\":\"https:\/\/ristoranteargegno.fi\/#website\"},\"primaryImageOfPage\":{\"@id\":\"https:\/\/ristoranteargegno.fi\/galleria\/#primaryimage\"},\"image\":{\"@id\":\"https:\/\/ristoranteargegno.fi\/galleria\/#primaryimage\"},\"thumbnailUrl\":\"https:\/\/ristoranteargegno.fi\/wp-content\/uploads\/2023\/11\/Photo-25.10.2023-9.38.56.webp\",\"datePublished\":\"2023-09-05T13:29:03+00:00\",\"dateModified\":\"2023-11-25T16:19:53+00:00\",\"description\":\"Katso milt\u00e4 ravintolassamme n\u00e4ytt\u00e4\u00e4 ja tule ihailemaan kuvia aidoista italialaisista annoksista.\",\"breadcrumb\":{\"@id\":\"https:\/\/ristoranteargegno.fi\/galleria\/#breadcrumb\"},\"inLanguage\":\"en-GB\",\"potentialAction\":[{\"@type\":\"ReadAction\",\"target\":[\"https:\/\/ristoranteargegno.fi\/galleria\/\"]}]},{\"@type\":\"ImageObject\",\"inLanguage\":\"en-GB\",\"@id\":\"https:\/\/ristoranteargegno.fi\/galleria\/#primaryimage\",\"url\":\"https:\/\/ristoranteargegno.fi\/wp-content\/uploads\/2023\/11\/Photo-25.10.2023-9.38.56.webp\",\"contentUrl\":\"https:\/\/ristoranteargegno.fi\/wp-content\/uploads\/2023\/11\/Photo-25.10.2023-9.38.56.webp\"},{\"@type\":\"BreadcrumbList\",\"@id\":\"https:\/\/ristoranteargegno.fi\/galleria\/#breadcrumb\",\"itemListElement\":[{\"@type\":\"ListItem\",\"position\":1,\"name\":\"Home\",\"item\":\"https:\/\/ristoranteargegno.fi\/\"},{\"@type\":\"ListItem\",\"position\":2,\"name\":\"Galleria\"}]},{\"@type\":\"WebSite\",\"@id\":\"https:\/\/ristoranteargegno.fi\/#website\",\"url\":\"https:\/\/ristoranteargegno.fi\/\",\"name\":\"Ristorante Argegno\",\"description\":\"\",\"publisher\":{\"@id\":\"https:\/\/ristoranteargegno.fi\/#organization\"},\"potentialAction\":[{\"@type\":\"SearchAction\",\"target\":{\"@type\":\"EntryPoint\",\"urlTemplate\":\"https:\/\/ristoranteargegno.fi\/?s={search_term_string}\"},\"query-input\":{\"@type\":\"PropertyValueSpecification\",\"valueRequired\":true,\"valueName\":\"search_term_string\"}}],\"inLanguage\":\"en-GB\"},{\"@type\":\"Organization\",\"@id\":\"https:\/\/ristoranteargegno.fi\/#organization\",\"name\":\"Ristorante Argegno\",\"alternateName\":\"Ristorante Argegno\",\"url\":\"https:\/\/ristoranteargegno.fi\/\",\"logo\":{\"@type\":\"ImageObject\",\"inLanguage\":\"en-GB\",\"@id\":\"https:\/\/ristoranteargegno.fi\/#\/schema\/logo\/image\/\",\"url\":\"https:\/\/ristoranteargegno.fi\/wp-content\/uploads\/2023\/09\/logo-transparent.png\",\"contentUrl\":\"https:\/\/ristoranteargegno.fi\/wp-content\/uploads\/2023\/09\/logo-transparent.png\",\"width\":1000,\"height\":563,\"caption\":\"Ristorante Argegno\"},\"image\":{\"@id\":\"https:\/\/ristoranteargegno.fi\/#\/schema\/logo\/image\/\"},\"sameAs\":[\"https:\/\/www.facebook.com\/profile.php?id=61552420856233\",\"https:\/\/www.instagram.com\/ristoranteargegno\/\"]}]}<\/script>\n<!-- \/ Yoast SEO plugin. -->","yoast_head_json":{"title":"Gallery","description":"Katso milt\u00e4 ravintolassamme n\u00e4ytt\u00e4\u00e4 ja tule ihailemaan kuvia aidoista italialaisista annoksista.","robots":{"index":"index","follow":"follow","max-snippet":"max-snippet:-1","max-image-preview":"max-image-preview:large","max-video-preview":"max-video-preview:-1"},"canonical":"https:\/\/ristoranteargegno.fi\/en\/galleria\/","og_locale":"en_GB","og_type":"article","og_title":"Galleria","og_description":"Katso milt\u00e4 ravintolassamme n\u00e4ytt\u00e4\u00e4 ja tule ihailemaan kuvia aidoista italialaisista annoksista.","og_url":"https:\/\/ristoranteargegno.fi\/en\/galleria\/","og_site_name":"Ristorante Argegno","article_publisher":"https:\/\/www.facebook.com\/profile.php?id=61552420856233","article_modified_time":"2023-11-25T16:19:53+00:00","og_image":[{"url":"https:\/\/ristoranteargegno.fi\/wp-content\/uploads\/2023\/11\/Photo-25.10.2023-9.38.56.webp","type":"","width":"","height":""}],"twitter_card":"summary_large_image","twitter_misc":{"Estimated reading time":"2 minutes"},"schema":{"@context":"https:\/\/schema.org","@graph":[{"@type":"WebPage","@id":"https:\/\/ristoranteargegno.fi\/galleria\/","url":"https:\/\/ristoranteargegno.fi\/galleria\/","name":"Gallery","isPartOf":{"@id":"https:\/\/ristoranteargegno.fi\/#website"},"primaryImageOfPage":{"@id":"https:\/\/ristoranteargegno.fi\/galleria\/#primaryimage"},"image":{"@id":"https:\/\/ristoranteargegno.fi\/galleria\/#primaryimage"},"thumbnailUrl":"https:\/\/ristoranteargegno.fi\/wp-content\/uploads\/2023\/11\/Photo-25.10.2023-9.38.56.webp","datePublished":"2023-09-05T13:29:03+00:00","dateModified":"2023-11-25T16:19:53+00:00","description":"Katso milt\u00e4 ravintolassamme n\u00e4ytt\u00e4\u00e4 ja tule ihailemaan kuvia aidoista italialaisista annoksista.","breadcrumb":{"@id":"https:\/\/ristoranteargegno.fi\/galleria\/#breadcrumb"},"inLanguage":"en-GB","potentialAction":[{"@type":"ReadAction","target":["https:\/\/ristoranteargegno.fi\/galleria\/"]}]},{"@type":"ImageObject","inLanguage":"en-GB","@id":"https:\/\/ristoranteargegno.fi\/galleria\/#primaryimage","url":"https:\/\/ristoranteargegno.fi\/wp-content\/uploads\/2023\/11\/Photo-25.10.2023-9.38.56.webp","contentUrl":"https:\/\/ristoranteargegno.fi\/wp-content\/uploads\/2023\/11\/Photo-25.10.2023-9.38.56.webp"},{"@type":"BreadcrumbList","@id":"https:\/\/ristoranteargegno.fi\/galleria\/#breadcrumb","itemListElement":[{"@type":"ListItem","position":1,"name":"Home","item":"https:\/\/ristoranteargegno.fi\/"},{"@type":"ListItem","position":2,"name":"Galleria"}]},{"@type":"WebSite","@id":"https:\/\/ristoranteargegno.fi\/#website","url":"https:\/\/ristoranteargegno.fi\/","name":"Ristorante Argegno","description":"","publisher":{"@id":"https:\/\/ristoranteargegno.fi\/#organization"},"potentialAction":[{"@type":"SearchAction","target":{"@type":"EntryPoint","urlTemplate":"https:\/\/ristoranteargegno.fi\/?s={search_term_string}"},"query-input":{"@type":"PropertyValueSpecification","valueRequired":true,"valueName":"search_term_string"}}],"inLanguage":"en-GB"},{"@type":"Organization","@id":"https:\/\/ristoranteargegno.fi\/#organization","name":"Ristorante Argegno","alternateName":"Ristorante Argegno","url":"https:\/\/ristoranteargegno.fi\/","logo":{"@type":"ImageObject","inLanguage":"en-GB","@id":"https:\/\/ristoranteargegno.fi\/#\/schema\/logo\/image\/","url":"https:\/\/ristoranteargegno.fi\/wp-content\/uploads\/2023\/09\/logo-transparent.png","contentUrl":"https:\/\/ristoranteargegno.fi\/wp-content\/uploads\/2023\/09\/logo-transparent.png","width":1000,"height":563,"caption":"Ristorante Argegno"},"image":{"@id":"https:\/\/ristoranteargegno.fi\/#\/schema\/logo\/image\/"},"sameAs":["https:\/\/www.facebook.com\/profile.php?id=61552420856233","https:\/\/www.instagram.com\/ristoranteargegno\/"]}]}},"_links":{"self":[{"href":"https:\/\/ristoranteargegno.fi\/en\/wp-json\/wp\/v2\/pages\/53","targetHints":{"allow":["GET"]}}],"collection":[{"href":"https:\/\/ristoranteargegno.fi\/en\/wp-json\/wp\/v2\/pages"}],"about":[{"href":"https:\/\/ristoranteargegno.fi\/en\/wp-json\/wp\/v2\/types\/page"}],"author":[{"embeddable":true,"href":"https:\/\/ristoranteargegno.fi\/en\/wp-json\/wp\/v2\/users\/1"}],"replies":[{"embeddable":true,"href":"https:\/\/ristoranteargegno.fi\/en\/wp-json\/wp\/v2\/comments?post=53"}],"version-history":[{"count":18,"href":"https:\/\/ristoranteargegno.fi\/en\/wp-json\/wp\/v2\/pages\/53\/revisions"}],"predecessor-version":[{"id":404,"href":"https:\/\/ristoranteargegno.fi\/en\/wp-json\/wp\/v2\/pages\/53\/revisions\/404"}],"wp:attachment":[{"href":"https:\/\/ristoranteargegno.fi\/en\/wp-json\/wp\/v2\/media?parent=53"}],"curies":[{"name":"wp","href":"https:\/\/api.w.org\/{rel}","templated":true}]}}